{"id":1,"date":"2019-09-05T08:43:56","date_gmt":"2019-09-05T08:43:56","guid":{"rendered":"https:\/\/infometricum.es\/?p=1"},"modified":"2025-04-23T12:58:22","modified_gmt":"2025-04-23T12:58:22","slug":"home","status":"publish","type":"page","link":"https:\/\/infometricum.es\/","title":{"rendered":"Home"},"content":{"rendered":"<h1>INFOMETRICUM<\/h1>\n<p><img decoding=\"async\" src=\"\/wp-content\/uploads\/2024\/11\/infometricum_logo_favicon.png\" alt=\"\"><\/p>\n<div>\n<p>Damos forma a tus datos. Potenciamos tu investigaci\u00f3n.<\/p>\n<p>Soluciones inteligentes para la automatizaci\u00f3n de datos para investigadores.<\/p>\n<\/div>\n<p><img decoding=\"async\" src=\"\/wp-content\/uploads\/yootheme\/background-square-01.png\" alt=\"\"><br \/>\n<img decoding=\"async\" src=\"\/wp-content\/uploads\/yootheme\/background-square-02.png\" alt=\"\"><br \/>\n<img decoding=\"async\" src=\"\/wp-content\/uploads\/yootheme\/background-square-03.png\" alt=\"\"><br \/>\n<img decoding=\"async\" src=\"\/wp-content\/uploads\/yootheme\/background-square-04.png\" alt=\"\"><br \/>\n<img decoding=\"async\" src=\"\/wp-content\/uploads\/yootheme\/background-square-05.png\" alt=\"\"><\/p>\n<h2>\u00bfQu\u00e9 hacemos?<\/h2>\n<div>\n<p>Apoyamos tu trabajo cient\u00edfico con soluciones tecnol\u00f3gicas personalizadas. Sabemos qu\u00e9 necesitas: nuestra experiencia investigadora se une al desarrollo \u00e1gil de herramientas y algoritmos.<\/p>\n<\/div>\n<ul>\n<li>\n<p><img decoding=\"async\" src=\"\/wp-content\/uploads\/2025\/04\/ChatGPT_Image_22_abr_2025_111-removebg-preview-1.png\" alt=\"\"><\/p>\n<h3>An\u00e1lisis cienciom\u00e9trico<\/h3>\n<div>\n<p>&#8211; Identificaci\u00f3n de l\u00edderes tem\u00e1ticos, redes de autores e instituciones.<br \/>-Selecci\u00f3n de literatura relevante.<br \/>&#8211; An\u00e1lisis de tendencias y colaboraciones.<\/p>\n<\/div>\n<\/li>\n<li>\n<p><img decoding=\"async\" src=\"\/wp-content\/uploads\/2025\/04\/ChatGPT-Image-22-abr-2025-2-2.png\" alt=\"\"><\/p>\n<h3>Automatizaci\u00f3n de datos y procesos<\/h3>\n<div>\n<p>&#8211; Scripts a medida para organizar, transformar y visualizar datos.<br \/>&#8211; Extracci\u00f3n de indicadores y generaci\u00f3n autom\u00e1tica de informes.<br \/>&#8211; Implementaci\u00f3n de flujos de trabajo personalizados con Python y otras herramientas.<\/p>\n<\/div>\n<\/li>\n<li>\n<p><img decoding=\"async\" src=\"\/wp-content\/uploads\/2025\/04\/ChatGPT-Image-22-abr-2025-3-1.png\" alt=\"\"><\/p>\n<h3>Consultor\u00eda especializada<\/h3>\n<div>\n<p>\u00bfTienes una idea o conjunto de datos? Te ayudamos a estructurar el problema, dise\u00f1ar una soluci\u00f3n y evaluar resultados.<\/p>\n<\/div>\n<\/li>\n<\/ul>\n<h2>\u00bfPor qu\u00e9 elegirnos?<\/h2>\n<div>\n<p><strong>\u2713<\/strong> Experiencia directa en investigaci\u00f3n acad\u00e9mica.<br \/><strong>\u2713<\/strong> Biblioteca propia de algoritmos ya preparados.<br \/><strong>\u2713<\/strong> Flexibilidad y rapidez en el desarrollo.<br \/><strong>\u2713<\/strong> Comunicaci\u00f3n clara y cercana en todo el proceso.<\/p>\n<\/div>\n<h2>Contacto<\/h2>\n<div>\n<p>\u00bfQuieres comentarnos tu proyecto o recibir una propuesta personalizada?<\/p>\n<p>Escr\u00edbenos a: <a href=\"mailto:info@infometricum.es\">info@infometricum.es<\/a><\/p>\n<\/div>\n<p><!--more--><br \/>\n<!-- {\"type\":\"layout\",\"children\":[{\"type\":\"section\",\"props\":{\"animation\":\"slide-bottom-medium\",\"animation_delay\":\"100\",\"header_transparent\":true,\"header_transparent_text_color\":\"dark\",\"image_position\":\"center-center\",\"padding\":\"small\",\"padding_remove_bottom\":false,\"padding_remove_top\":false,\"style\":\"default\",\"title_breakpoint\":\"xl\",\"title_position\":\"top-left\",\"title_rotation\":\"left\",\"vertical_align\":\"\",\"width\":\"small\"},\"children\":[{\"type\":\"row\",\"children\":[{\"type\":\"column\",\"props\":{\"image_position\":\"center-center\",\"position_sticky_breakpoint\":\"m\"},\"children\":[{\"type\":\"headline\",\"props\":{\"block_align\":\"center\",\"content\":\"INFOMETRICUM\",\"position\":\"relative\",\"position_z_index\":\"3\",\"text_align\":\"center\",\"title_element\":\"h1\",\"title_style\":\"heading-medium\"}},{\"type\":\"image\",\"props\":{\"container_padding_remove\":false,\"image\":\"wp-content\\\/uploads\\\/2024\\\/11\\\/infometricum_logo_favicon.png\",\"image_loading\":false,\"image_svg_color\":\"emphasis\",\"image_width\":300,\"margin\":\"\",\"text_align\":\"center\"}},{\"type\":\"text\",\"props\":{\"block_align\":\"center\",\"column_breakpoint\":\"m\",\"content\":\"\n\n<p>Damos forma a tus datos. Potenciamos tu investigaci\\u00f3n.<\\\/p>\\n\n\n<p>Soluciones inteligentes para la automatizaci\\u00f3n de datos para investigadores.<\\\/p>\",\"margin\":\"default\",\"maxwidth\":\"2xlarge\",\"position\":\"relative\",\"position_z_index\":\"3\",\"text_align\":\"center\",\"text_style\":\"lead\"}},{\"type\":\"image\",\"props\":{\"image\":\"wp-content\\\/uploads\\\/yootheme\\\/background-square-01.png\",\"image_loading\":true,\"image_svg_color\":\"emphasis\",\"image_width\":\"600\",\"margin\":\"default\",\"position\":\"absolute\",\"position_left\":\"-20vw\",\"position_top\":\"22vh\",\"position_z_index\":\"0\",\"visibility\":\"xl\"}},{\"type\":\"image\",\"props\":{\"image\":\"wp-content\\\/uploads\\\/yootheme\\\/background-square-02.png\",\"image_loading\":true,\"image_svg_color\":\"emphasis\",\"image_width\":\"1100\",\"margin\":\"default\",\"position\":\"absolute\",\"position_left\":\"-47vw\",\"position_top\":\"-30vh\",\"position_z_index\":\"0\",\"visibility\":\"m\"}},{\"type\":\"image\",\"props\":{\"image\":\"wp-content\\\/uploads\\\/yootheme\\\/background-square-03.png\",\"image_loading\":true,\"image_svg_color\":\"emphasis\",\"image_width\":\"700\",\"margin\":\"default\",\"position\":\"absolute\",\"position_left\":\"39vw\",\"position_top\":\"15vh\",\"position_z_index\":\"0\",\"visibility\":\"xl\"}},{\"type\":\"image\",\"props\":{\"image\":\"wp-content\\\/uploads\\\/yootheme\\\/background-square-04.png\",\"image_loading\":true,\"image_svg_color\":\"emphasis\",\"image_width\":\"950\",\"margin\":\"default\",\"position\":\"absolute\",\"position_left\":\"54vw\",\"position_top\":\"-27vh\",\"position_z_index\":\"0\",\"visibility\":\"m\"}},{\"type\":\"image\",\"props\":{\"image\":\"wp-content\\\/uploads\\\/yootheme\\\/background-square-05.png\",\"image_loading\":true,\"image_svg_color\":\"emphasis\",\"image_width\":\"600\",\"margin\":\"default\",\"position\":\"absolute\",\"position_left\":\"35vw\",\"position_top\":\"-550\",\"position_z_index\":\"0\",\"visibility\":\"s\"}}]}]}],\"name\":\"Hero\"},{\"type\":\"section\",\"props\":{\"animation\":\"fade\",\"animation_delay\":false,\"image_position\":\"center-center\",\"padding\":\"small\",\"padding_remove_bottom\":false,\"padding_remove_top\":false,\"style\":\"default\",\"title_breakpoint\":\"xl\",\"title_position\":\"top-left\",\"title_rotation\":\"left\",\"vertical_align\":\"\",\"width\":\"default\"},\"children\":[{\"type\":\"row\",\"children\":[{\"type\":\"column\",\"props\":{\"image_position\":\"center-center\",\"position_sticky_breakpoint\":\"m\"},\"children\":[{\"type\":\"headline\",\"props\":{\"animation\":\"none\",\"content\":\"\\u00bfQu\\u00e9 hacemos?\",\"text_align\":\"center\",\"title_element\":\"h2\",\"title_style\":\"h1\"}},{\"type\":\"text\",\"props\":{\"animation\":\"none\",\"block_align\":\"center\",\"column_breakpoint\":\"m\",\"content\":\"\n\n<p>Apoyamos tu trabajo cient\\u00edfico con soluciones tecnol\\u00f3gicas personalizadas. Sabemos qu\\u00e9 necesitas: nuestra experiencia investigadora se une al desarrollo \\u00e1gil de herramientas y algoritmos.<\\\/p>\",\"margin\":\"default\",\"maxwidth\":\"2xlarge\",\"text_align\":\"center\",\"text_style\":\"lead\"}},{\"type\":\"grid\",\"props\":{\"content_column_breakpoint\":\"m\",\"css\":\"@media (max-width: 959px) {\\n\\t.el-element > * > :nth-child(3n+0) { display: none; }\\n}\",\"filter_align\":\"left\",\"filter_all\":true,\"filter_grid_breakpoint\":\"m\",\"filter_grid_width\":\"auto\",\"filter_position\":\"top\",\"filter_style\":\"tab\",\"grid_column_align\":true,\"grid_default\":\"1\",\"grid_divider\":false,\"grid_large\":\"3\",\"grid_medium\":\"3\",\"grid_row_align\":false,\"grid_small\":\"2\",\"grid_xlarge\":\"3\",\"icon_width\":\"\",\"image_align\":\"top\",\"image_grid_breakpoint\":\"m\",\"image_grid_width\":\"1-2\",\"image_svg_color\":\"emphasis\",\"image_width\":\"610\",\"item_animation\":true,\"link_style\":\"text\",\"link_text\":\"Read more\",\"margin\":\"large\",\"margin_remove_bottom\":true,\"meta_align\":\"above-title\",\"meta_color\":\"muted\",\"meta_element\":\"div\",\"meta_style\":\"\",\"panel_expand\":\"content\",\"panel_image_no_padding\":true,\"panel_link\":true,\"panel_padding\":\"default\",\"panel_style\":\"card-default\",\"parallax_easing\":\"1\",\"position\":\"relative\",\"position_z_index\":\"1\",\"show_content\":true,\"show_image\":true,\"show_link\":true,\"show_meta\":true,\"show_title\":true,\"text_align\":\"center\",\"title_align\":\"top\",\"title_element\":\"h3\",\"title_grid_breakpoint\":\"m\",\"title_grid_width\":\"1-2\",\"title_hover_style\":\"reset\",\"title_link\":false,\"title_style\":\"h4\"},\"children\":[{\"type\":\"grid_item\",\"props\":{\"content\":\"\n\n<p>- Identificaci\\u00f3n de l\\u00edderes tem\\u00e1ticos, redes de autores e instituciones.<br \\\/>-Selecci\\u00f3n de literatura relevante.<br \\\/>- An\\u00e1lisis de tendencias y colaboraciones.<\\\/p>\",\"image\":\"wp-content\\\/uploads\\\/2025\\\/04\\\/ChatGPT_Image_22_abr_2025_111-removebg-preview-1.png\",\"link_text\":\"Enlace\",\"meta\":\"\",\"title\":\"An\\u00e1lisis cienciom\\u00e9trico\"}},{\"type\":\"grid_item\",\"props\":{\"content\":\"\n\n<p>- Scripts a medida para organizar, transformar y visualizar datos.<br \\\/>- Extracci\\u00f3n de indicadores y generaci\\u00f3n autom\\u00e1tica de informes.<br \\\/>- Implementaci\\u00f3n de flujos de trabajo personalizados con Python y otras herramientas.<\\\/p>\",\"image\":\"wp-content\\\/uploads\\\/2025\\\/04\\\/ChatGPT-Image-22-abr-2025-2-2.png\",\"link_text\":\"Enlace\",\"meta\":\"\",\"title\":\"Automatizaci\\u00f3n de datos y procesos\"}},{\"type\":\"grid_item\",\"props\":{\"content\":\"\n\n<p>\\u00bfTienes una idea o conjunto de datos? Te ayudamos a estructurar el problema, dise\\u00f1ar una soluci\\u00f3n y evaluar resultados.<\\\/p>\",\"image\":\"wp-content\\\/uploads\\\/2025\\\/04\\\/ChatGPT-Image-22-abr-2025-3-1.png\",\"title\":\"Consultor\\u00eda especializada\"}}]}]}]}],\"name\":\"\\u00bfQu\\u00e9 hacemos?\"},{\"type\":\"section\",\"props\":{\"animation\":\"fade\",\"animation_delay\":false,\"header_transparent\":false,\"image_position\":\"center-center\",\"padding\":\"xsmall\",\"style\":\"default\",\"title_breakpoint\":\"xl\",\"title_position\":\"top-left\",\"title_rotation\":\"left\",\"vertical_align\":\"\",\"width\":\"default\"},\"children\":[{\"type\":\"row\",\"children\":[{\"type\":\"column\",\"props\":{\"image_position\":\"center-center\",\"position_sticky_breakpoint\":\"m\"},\"children\":[{\"type\":\"headline\",\"props\":{\"animation\":\"none\",\"content\":\"\\u00bfPor qu\\u00e9 elegirnos?\",\"text_align\":\"center\",\"title_element\":\"h2\",\"title_style\":\"h1\"}},{\"type\":\"text\",\"props\":{\"animation\":\"none\",\"block_align\":\"center\",\"column_breakpoint\":\"m\",\"content\":\"\n\n<p><strong>\\u2713<\\\/strong> Experiencia directa en investigaci\\u00f3n acad\\u00e9mica.<br \\\/><strong>\\u2713<\\\/strong> Biblioteca propia de algoritmos ya preparados.<br \\\/><strong>\\u2713<\\\/strong> Flexibilidad y rapidez en el desarrollo.<br \\\/><strong>\\u2713<\\\/strong> Comunicaci\\u00f3n clara y cercana en todo el proceso.<\\\/p>\",\"margin\":\"default\",\"maxwidth\":\"2xlarge\",\"text_align\":\"center\",\"text_style\":\"lead\"}}]}]}],\"name\":\"\\u00bfPor qu\\u00e9 elegirnos?\"},{\"type\":\"section\",\"props\":{\"animation\":\"fade\",\"animation_delay\":false,\"image_position\":\"center-center\",\"padding\":\"large\",\"padding_remove_bottom\":true,\"style\":\"default\",\"title_breakpoint\":\"xl\",\"title_position\":\"top-left\",\"title_rotation\":\"left\",\"vertical_align\":\"\",\"width\":\"default\"},\"children\":[{\"type\":\"row\",\"children\":[{\"type\":\"column\",\"props\":{\"image_position\":\"center-center\",\"position_sticky_breakpoint\":\"m\"},\"children\":[{\"type\":\"headline\",\"props\":{\"animation\":\"none\",\"content\":\"Contacto\",\"text_align\":\"center\",\"title_element\":\"h2\",\"title_style\":\"h1\"}},{\"type\":\"text\",\"props\":{\"animation\":\"none\",\"block_align\":\"center\",\"column_breakpoint\":\"m\",\"content\":\"\n\n<p>\\u00bfQuieres comentarnos tu proyecto o recibir una propuesta personalizada?<\\\/p>\\n\n\n<p>Escr\\u00edbenos a: <a href=\\\"mailto:info@infometricum.es\\\">info@infometricum.es<\\\/a><\\\/p>\",\"margin\":\"default\",\"maxwidth\":\"2xlarge\",\"text_align\":\"center\",\"text_style\":\"lead\"}}]}]}],\"name\":\"Contacto\"},{\"type\":\"section\",\"props\":{\"image_position\":\"center-center\",\"style\":\"default\",\"title_breakpoint\":\"xl\",\"title_position\":\"top-left\",\"title_rotation\":\"left\",\"vertical_align\":\"middle\",\"width\":\"default\"},\"children\":[{\"type\":\"row\",\"children\":[{\"type\":\"column\",\"props\":{\"image_position\":\"center-center\",\"position_sticky_breakpoint\":\"m\"}}]}]}],\"version\":\"4.4.9\"} --><\/p>\n","protected":false},"excerpt":{"rendered":"<p>INFOMETRICUM Damos forma a tus datos. Potenciamos tu investigaci\u00f3n. Soluciones inteligentes para la automatizaci\u00f3n de datos para investigadores. \u00bfQu\u00e9 hacemos? Apoyamos tu trabajo cient\u00edfico con soluciones tecnol\u00f3gicas personalizadas. Sabemos qu\u00e9 necesitas: nuestra experiencia investigadora se une al desarrollo \u00e1gil de herramientas y algoritmos. An\u00e1lisis cienciom\u00e9trico &#8211; Identificaci\u00f3n de l\u00edderes tem\u00e1ticos, redes de autores e instituciones.-Selecci\u00f3n [&hellip;]<\/p>\n","protected":false},"author":1,"featured_media":0,"parent":0,"menu_order":6,"comment_status":"open","ping_status":"open","template":"","meta":{"_acf_changed":false,"footnotes":""},"class_list":["post-1","page","type-page","status-publish","hentry"],"acf":[],"_links":{"self":[{"href":"https:\/\/infometricum.es\/index.php?rest_route=\/wp\/v2\/pages\/1","targetHints":{"allow":["GET"]}}],"collection":[{"href":"https:\/\/infometricum.es\/index.php?rest_route=\/wp\/v2\/pages"}],"about":[{"href":"https:\/\/infometricum.es\/index.php?rest_route=\/wp\/v2\/types\/page"}],"author":[{"embeddable":true,"href":"https:\/\/infometricum.es\/index.php?rest_route=\/wp\/v2\/users\/1"}],"replies":[{"embeddable":true,"href":"https:\/\/infometricum.es\/index.php?rest_route=%2Fwp%2Fv2%2Fcomments&post=1"}],"version-history":[{"count":39,"href":"https:\/\/infometricum.es\/index.php?rest_route=\/wp\/v2\/pages\/1\/revisions"}],"predecessor-version":[{"id":2313,"href":"https:\/\/infometricum.es\/index.php?rest_route=\/wp\/v2\/pages\/1\/revisions\/2313"}],"wp:attachment":[{"href":"https:\/\/infometricum.es\/index.php?rest_route=%2Fwp%2Fv2%2Fmedia&parent=1"}],"curies":[{"name":"wp","href":"https:\/\/api.w.org\/{rel}","templated":true}]}}